{"id":7118,"date":"2023-05-23T12:13:21","date_gmt":"2023-05-23T12:13:21","guid":{"rendered":"https:\/\/kirschfest-rastenberg.de\/?page_id=7118"},"modified":"2025-05-28T13:07:26","modified_gmt":"2025-05-28T13:07:26","slug":"anmeldung-zum-menschenkickerturnier","status":"publish","type":"page","link":"https:\/\/kirschfest-rastenberg.de\/?page_id=7118","title":{"rendered":"Anmeldung zum Menschenkickerturnier"},"content":{"rendered":"\n<p class=\"has-medium-font-size\">Auf dieser Seite k\u00f6nnt Ihr Euch f\u00fcr das Turnier anmelden.<\/p>\n\n\n\n<figure class=\"wp-block-image size-full is-resized\"><img loading=\"lazy\" decoding=\"async\" width=\"1063\" height=\"795\" src=\"https:\/\/kirschfest-rastenberg.de\/wp-content\/uploads\/2025\/05\/Bild1.png\" alt=\"\" class=\"wp-image-7909\" style=\"aspect-ratio:1.4174757281553398;width:715px;height:auto\" srcset=\"https:\/\/kirschfest-rastenberg.de\/wp-content\/uploads\/2025\/05\/Bild1.png 1063w, https:\/\/kirschfest-rastenberg.de\/wp-content\/uploads\/2025\/05\/Bild1-300x224.png 300w, https:\/\/kirschfest-rastenberg.de\/wp-content\/uploads\/2025\/05\/Bild1-1024x766.png 1024w, https:\/\/kirschfest-rastenberg.de\/wp-content\/uploads\/2025\/05\/Bild1-768x574.png 768w\" sizes=\"auto, (max-width: 1063px) 100vw, 1063px\" \/><\/figure>\n\n\n\n<div class=\"wp-block-group is-nowrap is-layout-flex wp-container-core-group-is-layout-ad2f72ca wp-block-group-is-layout-flex\">\n<div class=\"wp-block-columns is-layout-flex wp-container-core-columns-is-layout-9d6595d7 wp-block-columns-is-layout-flex\">\n<div class=\"wp-block-column is-layout-flow wp-block-column-is-layout-flow\" style=\"flex-basis:100%\">\n<div class=\"wp-block-columns is-layout-flex wp-container-core-columns-is-layout-9d6595d7 wp-block-columns-is-layout-flex\">\n<div class=\"wp-block-column is-layout-flow wp-block-column-is-layout-flow\" style=\"flex-basis:100%\">\n<div class=\"wp-block-group is-nowrap is-layout-flex wp-container-core-group-is-layout-ad2f72ca wp-block-group-is-layout-flex\">\n<div class=\"wp-block-columns is-layout-flex wp-container-core-columns-is-layout-9d6595d7 wp-block-columns-is-layout-flex\">\n<div class=\"wp-block-column is-layout-flow wp-block-column-is-layout-flow\">\n<p class=\"has-text-align-left\" style=\"font-size:18px\">Zum 61. Kirschfest 2025 veranstalten wir unser zweites Menschenkicker-Turnier.<br>Das Turnier findet am Samstag, den 12. Juli 2025 auf dem Festgel\u00e4nde Kapellenberg in Rastenberg statt.<br>Veranstalter ist der Traditionsverein Rastenberg e.V. gemeinsam mit der SG Union Rastenberg Anstoss: ab 14.30 Uhr<\/p>\n<\/div>\n<\/div>\n<\/div>\n<\/div>\n<\/div>\n<\/div>\n<\/div>\n<\/div>\n\n\n\n<p style=\"font-size:15px\">Gespielt wird mit maximal 15 Mannschaften.<br>Die erste Herausforderung des Traditionsvereins geht an die  geladenen Hoheiten der Kirschfestprinzessin. Eine Mannschaft besteht aus mind. 6 max. 10 Personen.<br>M\u00f6glich sind reine Herren-, reine Frauen- und gemischte Mannschaften. Das Mindestalter der Teilnehmer betr\u00e4gt 10 Jahre, wobei die K\u00f6rpergr\u00f6\u00dfe ausschlaggebend ist. Dies wird dann vor Ort entschieden.<br>Gespielt wird mit 6 Spielern je Mannschaft. Das Spielfeld besteht aus einem aufblasbaren Luftkicker f\u00fcr Fu\u00dfballmatches.<br>Die Spielzeit betr\u00e4gt voraussichtlich 2 x 5 Minuten. Die Spielzeit h\u00e4ngt ab von der Anzahl der sich anmeldenden Mannschaften. W\u00e4hrend der Halbzeit k\u00f6nnen Spieler ausgetauscht werden.<br>Besondere Kleidung ist nicht notwendig, man sollte sich aber frei bewegen k\u00f6nnen.<\/p>\n\n\n\n<div class=\"wp-block-columns are-vertically-aligned-top is-layout-flex wp-container-core-columns-is-layout-9d6595d7 wp-block-columns-is-layout-flex\">\n<div class=\"wp-block-column is-vertically-aligned-top is-layout-flow wp-block-column-is-layout-flow\" style=\"flex-basis:70%\">\n<p style=\"font-size:16px\">Anmeldungen per Mail:   info@kirschfestkomitee.de<br>Briefkasten:                     Kristin Gyza &#8211; Obertorstr. 14 &#8211; 99636 Rastenberg <\/p>\n\n\n\n<p style=\"font-size:16px\">Weitere Informationen bei <\/p>\n\n\n\n<p style=\"font-size:16px\">Kristin Gyza<\/p>\n\n\n\n<p style=\"font-size:16px\"> (Telefon: 0172 322 32 89)<\/p>\n\n\n\n<p class=\"has-global-color-11-color has-text-color has-medium-font-size\">oder gleich hier online anmelden<\/p>\n<\/div>\n<\/div>\n\n\n<div class=\"wpforms-container wpforms-container-full\" id=\"wpforms-7913\"><form id=\"wpforms-form-7913\" class=\"wpforms-validate wpforms-form wpforms-ajax-form\" data-formid=\"7913\" method=\"post\" enctype=\"multipart\/form-data\" action=\"\/index.php?rest_route=%2Fwp%2Fv2%2Fpages%2F7118\" data-token=\"1590587711fca51651d1095d9ad616b5\"><noscript class=\"wpforms-error-noscript\">Bitte aktiviere JavaScript in deinem Browser, um dieses Formular fertigzustellen.<\/noscript><div class=\"wpforms-field-container\"><div id=\"wpforms-7913-field_4-container\" class=\"wpforms-field wpforms-field-text\" data-field-id=\"4\"><label class=\"wpforms-field-label\" for=\"wpforms-7913-field_4\">Manschaftsname <span class=\"wpforms-required-label\">*<\/span><\/label><input type=\"text\" id=\"wpforms-7913-field_4\" class=\"wpforms-field-medium wpforms-field-required\" name=\"wpforms[fields][4]\" required><div class=\"wpforms-field-description\">Mit diesem Namen wird die angemeldete Mannschaft gelistet<\/div><\/div><div id=\"wpforms-7913-field_5-container\" class=\"wpforms-field wpforms-field-name\" data-field-id=\"5\"><label class=\"wpforms-field-label\" for=\"wpforms-7913-field_5\">Name <span class=\"wpforms-required-label\">*<\/span><\/label><div class=\"wpforms-field-row wpforms-field-medium\"><div class=\"wpforms-field-row-block wpforms-first wpforms-one-half\"><input type=\"text\" id=\"wpforms-7913-field_5\" class=\"wpforms-field-name-first wpforms-field-required\" name=\"wpforms[fields][5][first]\" required><label for=\"wpforms-7913-field_5\" class=\"wpforms-field-sublabel after \">Vorname<\/label><\/div><div class=\"wpforms-field-row-block wpforms-one-half\"><input type=\"text\" id=\"wpforms-7913-field_5-last\" class=\"wpforms-field-name-last wpforms-field-required\" name=\"wpforms[fields][5][last]\" required><label for=\"wpforms-7913-field_5-last\" class=\"wpforms-field-sublabel after \">Nachname<\/label><\/div><\/div><div class=\"wpforms-field-description\">Anmelder<\/div><\/div><div id=\"wpforms-7913-field_6-container\" class=\"wpforms-field wpforms-field-email\" data-field-id=\"6\"><label class=\"wpforms-field-label\" for=\"wpforms-7913-field_6\">E-Mail <span class=\"wpforms-required-label\">*<\/span><\/label><input type=\"email\" id=\"wpforms-7913-field_6\" class=\"wpforms-field-medium wpforms-field-required\" name=\"wpforms[fields][6]\" required><div class=\"wpforms-field-description\">E-Mail Adresse des Anmelders<\/div><\/div><div id=\"wpforms-7913-field_8-container\" class=\"wpforms-field wpforms-field-text\" data-field-id=\"8\"><label class=\"wpforms-field-label\" for=\"wpforms-7913-field_8\">Telefonnummer<\/label><input type=\"text\" id=\"wpforms-7913-field_8\" class=\"wpforms-field-medium\" name=\"wpforms[fields][8]\" ><div class=\"wpforms-field-description\">Tel.-Nr. des Anmelders<\/div><\/div><div id=\"wpforms-7913-field_9-container\" class=\"wpforms-field wpforms-field-text\" data-field-id=\"9\"><label class=\"wpforms-field-label\" for=\"wpforms-7913-field_9\">Alter der Teilnehmer <span class=\"wpforms-required-label\">*<\/span><\/label><input type=\"text\" id=\"wpforms-7913-field_9\" class=\"wpforms-field-medium wpforms-field-required\" name=\"wpforms[fields][9]\" required><\/div><div id=\"wpforms-7913-field_10-container\" class=\"wpforms-field wpforms-field-text\" data-field-id=\"10\"><label class=\"wpforms-field-label\" for=\"wpforms-7913-field_10\">Anzahl der Teilnehmer <span class=\"wpforms-required-label\">*<\/span><\/label><input type=\"text\" id=\"wpforms-7913-field_10\" class=\"wpforms-field-medium wpforms-field-required\" name=\"wpforms[fields][10]\" required><\/div><\/div><div class=\"wpforms-recaptcha-container wpforms-is-hcaptcha\"><div class=\"g-recaptcha\" data-sitekey=\"2db58e6e-91ca-4856-982b-729e0e59f3f2\"><\/div><input type=\"text\" name=\"g-recaptcha-hidden\" class=\"wpforms-recaptcha-hidden\" style=\"position:absolute!important;clip:rect(0,0,0,0)!important;height:1px!important;width:1px!important;border:0!important;overflow:hidden!important;padding:0!important;margin:0!important;\" required><\/div><div class=\"wpforms-submit-container\"><input type=\"hidden\" name=\"wpforms[id]\" value=\"7913\"><input type=\"hidden\" name=\"wpforms[author]\" value=\"1\"><button type=\"submit\" name=\"wpforms[submit]\" id=\"wpforms-submit-7913\" class=\"wpforms-submit\" data-alt-text=\"Senden\u2026\" data-submit-text=\"Absenden\" aria-live=\"assertive\" value=\"wpforms-submit\">Absenden<\/button><img loading=\"lazy\" decoding=\"async\" src=\"https:\/\/kirschfest-rastenberg.de\/wp-content\/plugins\/wpforms-lite\/assets\/images\/submit-spin.svg\" class=\"wpforms-submit-spinner\" style=\"display: none;\" width=\"26\" height=\"26\" alt=\"Wird geladen\"><\/div><\/form><\/div>  <!-- .wpforms-container -->\n\n\n<div class=\"wp-block-columns is-layout-flex wp-container-core-columns-is-layout-9d6595d7 wp-block-columns-is-layout-flex\">\n<div class=\"wp-block-column is-layout-flow wp-block-column-is-layout-flow\"><\/div>\n\n\n\n<div class=\"wp-block-column is-layout-flow wp-block-column-is-layout-flow\"><\/div>\n<\/div>\n","protected":false},"excerpt":{"rendered":"<p>Auf dieser Seite k\u00f6nnt Ihr Euch f\u00fcr das Turnier anmelden. Zum 61. Kirschfest 2025 veranstalten wir unser zweites Menschenkicker-Turnier.Das Turnier findet am Samstag, den 12. Juli 2025 auf dem Festgel\u00e4nde Kapellenberg in Rastenberg statt.Veranstalter ist der Traditionsverein &#8230; <\/p>\n<p class=\"read-more-container\"><a title=\"Anmeldung zum Menschenkickerturnier\" class=\"read-more button\" href=\"https:\/\/kirschfest-rastenberg.de\/?page_id=7118#more-7118\" aria-label=\"Mehr zu Anmeldung zum Menschenkickerturnier\">Read More<\/a><\/p>\n","protected":false},"author":1,"featured_media":0,"parent":0,"menu_order":0,"comment_status":"closed","ping_status":"closed","template":"","meta":{"footnotes":""},"class_list":{"0":"post-7118","1":"page","2":"type-page","3":"status-publish","5":"infinite-scroll-item"},"_links":{"self":[{"href":"https:\/\/kirschfest-rastenberg.de\/index.php?rest_route=\/wp\/v2\/pages\/7118","targetHints":{"allow":["GET"]}}],"collection":[{"href":"https:\/\/kirschfest-rastenberg.de\/index.php?rest_route=\/wp\/v2\/pages"}],"about":[{"href":"https:\/\/kirschfest-rastenberg.de\/index.php?rest_route=\/wp\/v2\/types\/page"}],"author":[{"embeddable":true,"href":"https:\/\/kirschfest-rastenberg.de\/index.php?rest_route=\/wp\/v2\/users\/1"}],"replies":[{"embeddable":true,"href":"https:\/\/kirschfest-rastenberg.de\/index.php?rest_route=%2Fwp%2Fv2%2Fcomments&post=7118"}],"version-history":[{"count":17,"href":"https:\/\/kirschfest-rastenberg.de\/index.php?rest_route=\/wp\/v2\/pages\/7118\/revisions"}],"predecessor-version":[{"id":7948,"href":"https:\/\/kirschfest-rastenberg.de\/index.php?rest_route=\/wp\/v2\/pages\/7118\/revisions\/7948"}],"wp:attachment":[{"href":"https:\/\/kirschfest-rastenberg.de\/index.php?rest_route=%2Fwp%2Fv2%2Fmedia&parent=7118"}],"curies":[{"name":"wp","href":"https:\/\/api.w.org\/{rel}","templated":true}]}}