{"id":7110,"date":"2023-05-23T12:00:03","date_gmt":"2023-05-23T12:00:03","guid":{"rendered":"https:\/\/kirschfest-rastenberg.de\/?page_id=7110"},"modified":"2024-11-06T13:19:32","modified_gmt":"2024-11-06T13:19:32","slug":"projekte","status":"publish","type":"page","link":"https:\/\/kirschfest-rastenberg.de\/?page_id=7110","title":{"rendered":"PROJEKTE"},"content":{"rendered":"\n<p class=\"has-medium-font-size\">Auf dieser Seite informieren wir Euch \u00fcber unsere durchgef\u00fchrten Projekte.<\/p>\n\n\n\n<p class=\"has-medium-font-size\">Gem\u00e4\u00df unserer Satzung werden wir nicht nur das Kirschfest organsisieren sondern auch viele andere Projekte zu den Themen:<\/p>\n\n\n\n<ol class=\"wp-block-list\" type=\"1\">\n<li class=\"has-medium-font-size\">F\u00f6rderung der Traditionspflege<\/li>\n\n\n\n<li class=\"has-medium-font-size\">F\u00f6rderung von Kunst und Kultur<\/li>\n\n\n\n<li class=\"has-medium-font-size\">F\u00f6rderung des b\u00fcrgerschaftlichen Engagements zu Gunsten gemeinn\u00fctziger Zwecke<\/li>\n\n\n\n<li class=\"has-medium-font-size\">F\u00f6rderung der Heimatpflege und Heimatkunde und der Ortsversch\u00f6nerung<\/li>\n<\/ol>\n\n\n\n<p class=\"has-medium-font-size\">Diese Themen werden verwirklicht insbesondere durch:<\/p>\n\n\n\n<ul class=\"wp-block-list\">\n<li class=\"has-medium-font-size\">Erforschung der Traditionspflege<\/li>\n\n\n\n<li class=\"has-medium-font-size\">Erhaltung von Einrichtungen zur Traditionspflege<\/li>\n\n\n\n<li class=\"has-medium-font-size\">Durchf\u00fchrungen von Konzerten, Lesungen, Theater, etc.<\/li>\n\n\n\n<li class=\"has-medium-font-size\">Pflege des traditionellen Kirschfestes und angegliederten Veranstaltungen<\/li>\n\n\n\n<li class=\"has-medium-font-size\">Auf- und Ausbau von Verbindungen zu regionalen und \u00fcberregionalen Traditionsvereinen &nbsp;<\/li>\n\n\n\n<li class=\"has-medium-font-size\">Unterst\u00fctzungen anderer gemeinn\u00fctziger Vereine<\/li>\n\n\n\n<li class=\"has-medium-font-size\">Initiierung und Durchf\u00fchrung von Ma\u00dfnahmen zur St\u00e4rkung l\u00e4ndlicher R\u00e4ume (Arbeitseins\u00e4tze, Patenschaften etc.)<\/li>\n<\/ul>\n","protected":false},"excerpt":{"rendered":"<p>Auf dieser Seite informieren wir Euch \u00fcber unsere durchgef\u00fchrten Projekte. Gem\u00e4\u00df unserer Satzung werden wir nicht nur das Kirschfest organsisieren sondern auch viele andere Projekte zu den Themen: Diese Themen werden verwirklicht insbesondere durch:<\/p>\n","protected":false},"author":1,"featured_media":0,"parent":0,"menu_order":0,"comment_status":"closed","ping_status":"closed","template":"","meta":{"footnotes":""},"class_list":{"0":"post-7110","1":"page","2":"type-page","3":"status-publish","5":"infinite-scroll-item"},"_links":{"self":[{"href":"https:\/\/kirschfest-rastenberg.de\/index.php?rest_route=\/wp\/v2\/pages\/7110","targetHints":{"allow":["GET"]}}],"collection":[{"href":"https:\/\/kirschfest-rastenberg.de\/index.php?rest_route=\/wp\/v2\/pages"}],"about":[{"href":"https:\/\/kirschfest-rastenberg.de\/index.php?rest_route=\/wp\/v2\/types\/page"}],"author":[{"embeddable":true,"href":"https:\/\/kirschfest-rastenberg.de\/index.php?rest_route=\/wp\/v2\/users\/1"}],"replies":[{"embeddable":true,"href":"https:\/\/kirschfest-rastenberg.de\/index.php?rest_route=%2Fwp%2Fv2%2Fcomments&post=7110"}],"version-history":[{"count":2,"href":"https:\/\/kirschfest-rastenberg.de\/index.php?rest_route=\/wp\/v2\/pages\/7110\/revisions"}],"predecessor-version":[{"id":7707,"href":"https:\/\/kirschfest-rastenberg.de\/index.php?rest_route=\/wp\/v2\/pages\/7110\/revisions\/7707"}],"wp:attachment":[{"href":"https:\/\/kirschfest-rastenberg.de\/index.php?rest_route=%2Fwp%2Fv2%2Fmedia&parent=7110"}],"curies":[{"name":"wp","href":"https:\/\/api.w.org\/{rel}","templated":true}]}}