{"id":4047,"date":"2021-06-29T18:35:57","date_gmt":"2021-06-29T18:35:57","guid":{"rendered":"https:\/\/gpsites.co\/realtor\/?page_id=4047"},"modified":"2024-11-06T14:42:35","modified_gmt":"2024-11-06T14:42:35","slug":"geschichte-kirschfest","status":"publish","type":"page","link":"https:\/\/kirschfest-rastenberg.de\/?page_id=4047","title":{"rendered":"Geschichte"},"content":{"rendered":"<div class=\"gb-container gb-container-a76c6499\"><div class=\"gb-inside-container\">\n<div class=\"gb-grid-wrapper gb-grid-wrapper-7559b467\">\n<div class=\"gb-grid-column gb-grid-column-142248bf\"><div class=\"gb-container gb-container-142248bf\"><div class=\"gb-inside-container\">\n\n<h2 class=\"gb-headline gb-headline-87ae2cbe gb-headline-text\">Vom Kiliansfest zum Kirschfest <\/h2>\n\n\n\n<p class=\"has-contrast-color has-text-color\" style=\"font-size:16px\">Im Jahre 531, bei der Schlacht an der \u201eOnestrudis\u201c (Unstrut) mit der Erst\u00fcrmung der Th\u00fcringer K\u00f6nigsburg Scithingi (vermutlich Burgscheidungen) durch den Frankenk\u00f6nig Chlothar I. und den mit ihm verb\u00fcndeten Sachsen, kam es zur Zerschlagung des Th\u00fcringenreiches und zum Sturz vom Th\u00fcringer K\u00f6nig Herminafried.<\/p>\n\n\n\n<p class=\"has-contrast-color has-text-color\" style=\"font-size:16px\">Das Land wurde an die Sieger aufgeteilt und haupts\u00e4chlich durch Franken besiedelt. Nun begannen fr\u00e4nkische Priester mit der Verbreitung des Christentums unter den heidnischen Th\u00fcringern. So kam es auch zur Gr\u00fcndung einer Klostergemeinde auf dem Kapellenberg. In dieser Zeit, im 6. &#8211; 8. Jahrhundert, bauten fr\u00e4nkische Kiliansm\u00f6nche auf dem Kapellenberg ein dem heiligen Kilian einem iro-schottischen Missionsbischof, geweihtes h\u00f6lzernes Kirchlein. Zu Ehren des St. Kilian wurde bis in das 19. Jahrhundert das Kiliansfest auf dem Kapellenberg gefeiert. Erst im vorigen Jahrhundert ist aus dem Kiliansfest das Rastenberger Kirschfest geworden.<\/p>\n\n\n\n<p class=\"has-contrast-color has-text-color\" style=\"font-size:16px\">Die vergessene Tradition wurde mit dem Kirschfest 1964 wiederbelebt und hat sich bis heute zu einem traditionellen, \u00fcberregionalen Volksfest unserer Region entwickelt.<br><\/p>\n\n\n<div class=\"wp-block-image image-frame img\">\n<figure class=\"aligncenter size-medium is-resized\"><img loading=\"lazy\" decoding=\"async\" width=\"300\" height=\"191\" src=\"https:\/\/kirschfest-rastenberg.de\/wp-content\/uploads\/2023\/01\/Kirschfest-1911-300x191.jpg\" alt=\"\" class=\"wp-image-6308\" style=\"width:506px;height:auto\" srcset=\"https:\/\/kirschfest-rastenberg.de\/wp-content\/uploads\/2023\/01\/Kirschfest-1911-300x191.jpg 300w, https:\/\/kirschfest-rastenberg.de\/wp-content\/uploads\/2023\/01\/Kirschfest-1911-1024x652.jpg 1024w, https:\/\/kirschfest-rastenberg.de\/wp-content\/uploads\/2023\/01\/Kirschfest-1911-768x489.jpg 768w, https:\/\/kirschfest-rastenberg.de\/wp-content\/uploads\/2023\/01\/Kirschfest-1911.jpg 1072w\" sizes=\"auto, (max-width: 300px) 100vw, 300px\" \/><\/figure>\n<\/div>\n<\/div><\/div><\/div>\n\n<div class=\"gb-grid-column gb-grid-column-286ea90a\"><div class=\"gb-container gb-container-286ea90a\"><div class=\"gb-inside-container\">\n\n<h2 class=\"wp-block-heading has-text-align-center has-small-font-size\">Kirschfestgesellschaft vor dem Rathaus 1911 <\/h2>\n\n\n<div class=\"wp-block-image image-frame img\">\n<figure class=\"aligncenter size-medium is-resized\"><img loading=\"lazy\" decoding=\"async\" width=\"300\" height=\"189\" src=\"https:\/\/kirschfest-rastenberg.de\/wp-content\/uploads\/2023\/01\/2ffc663d743c204af89f477e3af9af54-300x189.jpg\" alt=\"\" class=\"wp-image-6312\" style=\"width:500px;height:auto\" srcset=\"https:\/\/kirschfest-rastenberg.de\/wp-content\/uploads\/2023\/01\/2ffc663d743c204af89f477e3af9af54-300x189.jpg 300w, https:\/\/kirschfest-rastenberg.de\/wp-content\/uploads\/2023\/01\/2ffc663d743c204af89f477e3af9af54.jpg 736w\" sizes=\"auto, (max-width: 300px) 100vw, 300px\" \/><\/figure>\n<\/div>\n\n\n<h2 class=\"wp-block-heading has-text-align-center has-small-font-size\">Festplatz Kapellenberg<\/h2>\n\n\n\n<p><\/p>\n\n<\/div><\/div><\/div>\n<\/div>\n<\/div><div class=\"gb-shapes\"><div class=\"gb-shape gb-shape-1\"><svg xmlns=\"http:\/\/www.w3.org\/2000\/svg\" viewBox=\"0 0 1200 360\" preserveAspectRatio=\"none\"><path d=\"M1200 360H0V0l1200 348z\"\/><\/svg><\/div><\/div><\/div>","protected":false},"excerpt":{"rendered":"","protected":false},"author":1,"featured_media":0,"parent":0,"menu_order":0,"comment_status":"closed","ping_status":"closed","template":"","meta":{"footnotes":""},"class_list":{"0":"post-4047","1":"page","2":"type-page","3":"status-publish","5":"infinite-scroll-item"},"_links":{"self":[{"href":"https:\/\/kirschfest-rastenberg.de\/index.php?rest_route=\/wp\/v2\/pages\/4047","targetHints":{"allow":["GET"]}}],"collection":[{"href":"https:\/\/kirschfest-rastenberg.de\/index.php?rest_route=\/wp\/v2\/pages"}],"about":[{"href":"https:\/\/kirschfest-rastenberg.de\/index.php?rest_route=\/wp\/v2\/types\/page"}],"author":[{"embeddable":true,"href":"https:\/\/kirschfest-rastenberg.de\/index.php?rest_route=\/wp\/v2\/users\/1"}],"replies":[{"embeddable":true,"href":"https:\/\/kirschfest-rastenberg.de\/index.php?rest_route=%2Fwp%2Fv2%2Fcomments&post=4047"}],"version-history":[{"count":14,"href":"https:\/\/kirschfest-rastenberg.de\/index.php?rest_route=\/wp\/v2\/pages\/4047\/revisions"}],"predecessor-version":[{"id":7727,"href":"https:\/\/kirschfest-rastenberg.de\/index.php?rest_route=\/wp\/v2\/pages\/4047\/revisions\/7727"}],"wp:attachment":[{"href":"https:\/\/kirschfest-rastenberg.de\/index.php?rest_route=%2Fwp%2Fv2%2Fmedia&parent=4047"}],"curies":[{"name":"wp","href":"https:\/\/api.w.org\/{rel}","templated":true}]}}