{"id":3575,"date":"2021-01-14T15:10:54","date_gmt":"2021-01-14T15:10:54","guid":{"rendered":"https:\/\/gpsites.co\/realtor\/?page_id=3575"},"modified":"2026-04-14T13:13:57","modified_gmt":"2026-04-14T13:13:57","slug":"traditionsverein","status":"publish","type":"page","link":"https:\/\/kirschfest-rastenberg.de\/","title":{"rendered":"Der Verein"},"content":{"rendered":"\n<h2 class=\"wp-block-heading has-text-align-center has-global-color-11-color has-text-color has-link-color has-large-font-size wp-elements-4bf5bf92224e939e7a1f327553f93c28\">Unsere Vereinsmitglieder<\/h2>\n\n\n\n<div class=\"wp-block-columns has-small-font-size is-layout-flex wp-container-core-columns-is-layout-9d6595d7 wp-block-columns-is-layout-flex\">\n<div class=\"wp-block-column is-vertically-aligned-bottom is-layout-flow wp-block-column-is-layout-flow\">\n<figure class=\"wp-block-image alignwide size-full is-style-default\"><img loading=\"lazy\" decoding=\"async\" width=\"1600\" height=\"1200\" src=\"https:\/\/kirschfest-rastenberg.de\/wp-content\/uploads\/2024\/10\/IMG-20240602-WA0013.jpg\" alt=\"\" class=\"wp-image-7672\" srcset=\"https:\/\/kirschfest-rastenberg.de\/wp-content\/uploads\/2024\/10\/IMG-20240602-WA0013.jpg 1600w, https:\/\/kirschfest-rastenberg.de\/wp-content\/uploads\/2024\/10\/IMG-20240602-WA0013-300x225.jpg 300w, https:\/\/kirschfest-rastenberg.de\/wp-content\/uploads\/2024\/10\/IMG-20240602-WA0013-1024x768.jpg 1024w, https:\/\/kirschfest-rastenberg.de\/wp-content\/uploads\/2024\/10\/IMG-20240602-WA0013-768x576.jpg 768w, https:\/\/kirschfest-rastenberg.de\/wp-content\/uploads\/2024\/10\/IMG-20240602-WA0013-1536x1152.jpg 1536w\" sizes=\"auto, (max-width: 1600px) 100vw, 1600px\" \/><\/figure>\n<\/div>\n<\/div>\n\n\n\n<div class=\"wp-block-columns are-vertically-aligned-center is-layout-flex wp-container-core-columns-is-layout-9d6595d7 wp-block-columns-is-layout-flex\">\n<div class=\"wp-block-column is-vertically-aligned-center is-layout-flow wp-block-column-is-layout-flow\" style=\"flex-basis:100%\">\n<div class=\"wp-block-group alignwide is-vertical is-content-justification-center is-layout-flex wp-container-core-group-is-layout-52c8502b wp-block-group-is-layout-flex\">\n<p class=\"has-text-align-center wp-block-heading has-global-color-11-color has-text-color\" style=\"font-size:30px\">Vorstand<\/p>\n\n\n\n<div class=\"wp-block-columns alignwide is-not-stacked-on-mobile is-layout-flex wp-container-core-columns-is-layout-9d6595d7 wp-block-columns-is-layout-flex\">\n<div class=\"wp-block-column is-vertically-aligned-center is-layout-flow wp-block-column-is-layout-flow\" style=\"flex-basis:50%\">\n<p class=\"has-small-font-size\">(von links nach rechts)<\/p>\n\n\n\n<p class=\"has-text-align-right\" style=\"font-size:15px\">Kassenwartin &#8211; Sandy Neumer<\/p>\n\n\n\n<p class=\"has-text-align-right\" style=\"font-size:15px\">Schriftf\u00fchrerin &#8211; Ilona Grosch<\/p>\n\n\n\n<p class=\"has-text-align-right\" style=\"font-size:15px\">Beisitzer &#8211; Daniel N\u00e4ther<\/p>\n\n\n\n<p class=\"has-text-align-right has-base-3-color has-text-color\" style=\"font-size:15px\">Stellvertreterin &#8211; Meike Grosch<\/p>\n\n\n\n<p class=\"has-text-align-right\" style=\"font-size:15px\">Vorsitzende &#8211; Kristin Gyza<\/p>\n<\/div>\n\n\n\n<div class=\"wp-block-column is-layout-flow wp-block-column-is-layout-flow\" style=\"flex-basis:50%\">\n<figure class=\"wp-block-image size-large\"><img loading=\"lazy\" decoding=\"async\" width=\"1024\" height=\"906\" src=\"https:\/\/kirschfest-rastenberg.de\/wp-content\/uploads\/2024\/10\/IMG-20240602-WA0019-3-1024x906.jpg\" alt=\"\" class=\"wp-image-7678\" srcset=\"https:\/\/kirschfest-rastenberg.de\/wp-content\/uploads\/2024\/10\/IMG-20240602-WA0019-3-1024x906.jpg 1024w, https:\/\/kirschfest-rastenberg.de\/wp-content\/uploads\/2024\/10\/IMG-20240602-WA0019-3-300x266.jpg 300w, https:\/\/kirschfest-rastenberg.de\/wp-content\/uploads\/2024\/10\/IMG-20240602-WA0019-3-768x680.jpg 768w, https:\/\/kirschfest-rastenberg.de\/wp-content\/uploads\/2024\/10\/IMG-20240602-WA0019-3.jpg 1220w\" sizes=\"auto, (max-width: 1024px) 100vw, 1024px\" \/><\/figure>\n<\/div>\n<\/div>\n\n\n\n<p class=\"has-small-font-size\"><\/p>\n\n\n\n<div class=\"wp-block-columns is-layout-flex wp-container-core-columns-is-layout-9d6595d7 wp-block-columns-is-layout-flex\">\n<div class=\"wp-block-column is-layout-flow wp-block-column-is-layout-flow\" style=\"flex-basis:100%\"><\/div>\n<\/div>\n<\/div>\n<\/div>\n<\/div>\n\n\n\n<div class=\"wp-block-group has-global-color-10-color has-text-color\" style=\"font-size:25px\"><div class=\"wp-block-group__inner-container is-layout-constrained wp-block-group-is-layout-constrained\">\n<div class=\"wp-block-file\"><a id=\"wp-block-file--media-53d56b45-a40b-4415-9afd-44e2ebabab0b\" href=\"https:\/\/kirschfest-rastenberg.de\/wp-content\/uploads\/2023\/01\/Satzung-final-2022-1.pdf\"><em><mark style=\"background-color:rgba(0, 0, 0, 0)\" class=\"has-inline-color has-global-color-11-color\">Unsere Satzung zum Download hier klicken<\/mark><\/em><\/a><\/div>\n<\/div><\/div>\n\n\n\n<div class=\"wp-block-group\"><div class=\"wp-block-group__inner-container is-layout-constrained wp-block-group-is-layout-constrained\">\n<p class=\"has-medium-font-size\"><\/p>\n<\/div><\/div>\n\n\n\n<p class=\"has-text-align-left has-base-3-color has-text-color\" style=\"font-size:16px\">Wer Interesse hat, uns bei unserer Arbeit zu unterst\u00fctzen, ist herzlich eingeladen. Wir freuen uns \u00fcber jede Unterst\u00fctzung. Sprecht uns einfach an, schreibt uns eine Nachricht \u00fcber das Kontaktformular oder downloded Euch den Aufnahmeanttrag  mit Klick auf &#8222;Herunterladen&#8220;<\/p>\n\n\n\n<div class=\"wp-block-group has-contrast-color has-text-color\" style=\"font-size:25px;font-style:italic;font-weight:500\"><div class=\"wp-block-group__inner-container is-layout-constrained wp-block-group-is-layout-constrained\">\n<div class=\"wp-block-file\"><a id=\"wp-block-file--media-384ef2c7-27e7-43b1-9f01-d836ab3c3026\" href=\"https:\/\/kirschfest-rastenberg.de\/wp-content\/uploads\/2023\/01\/Aufnahmeantrag-Traditionsverein-1.pdf\"><mark style=\"background-color:rgba(0, 0, 0, 0)\" class=\"has-inline-color has-global-color-11-color\">Aufnahmeantrag-Traditionsverein-1<\/mark><\/a><a href=\"https:\/\/kirschfest-rastenberg.de\/wp-content\/uploads\/2023\/01\/Aufnahmeantrag-Traditionsverein-1.pdf\" class=\"wp-block-file__button wp-element-button\" download aria-describedby=\"wp-block-file--media-384ef2c7-27e7-43b1-9f01-d836ab3c3026\">Herunterladen<\/a><\/div>\n<\/div><\/div>\n\n\n\n<p><\/p>\n\n\n\n<div class=\"wp-block-columns alignwide is-layout-flex wp-container-core-columns-is-layout-9d6595d7 wp-block-columns-is-layout-flex\">\n<div class=\"wp-block-column is-layout-flow wp-block-column-is-layout-flow\"><\/div>\n\n\n\n<div class=\"wp-block-column is-layout-flow wp-block-column-is-layout-flow\"><\/div>\n<\/div>\n","protected":false},"excerpt":{"rendered":"<p>Unsere Vereinsmitglieder Vorstand (von links nach rechts) Kassenwartin &#8211; Sandy Neumer Schriftf\u00fchrerin &#8211; Ilona Grosch Beisitzer &#8211; Daniel N\u00e4ther Stellvertreterin &#8211; Meike Grosch Vorsitzende &#8211; Kristin Gyza Wer Interesse hat, uns bei unserer Arbeit zu unterst\u00fctzen, ist &#8230; <\/p>\n<p class=\"read-more-container\"><a title=\"Der Verein\" class=\"read-more button\" href=\"https:\/\/kirschfest-rastenberg.de\/#more-3575\" aria-label=\"Mehr zu Der Verein\">Read More<\/a><\/p>\n","protected":false},"author":1,"featured_media":0,"parent":0,"menu_order":0,"comment_status":"closed","ping_status":"closed","template":"","meta":{"footnotes":""},"class_list":{"0":"post-3575","1":"page","2":"type-page","3":"status-publish","5":"infinite-scroll-item"},"_links":{"self":[{"href":"https:\/\/kirschfest-rastenberg.de\/index.php?rest_route=\/wp\/v2\/pages\/3575","targetHints":{"allow":["GET"]}}],"collection":[{"href":"https:\/\/kirschfest-rastenberg.de\/index.php?rest_route=\/wp\/v2\/pages"}],"about":[{"href":"https:\/\/kirschfest-rastenberg.de\/index.php?rest_route=\/wp\/v2\/types\/page"}],"author":[{"embeddable":true,"href":"https:\/\/kirschfest-rastenberg.de\/index.php?rest_route=\/wp\/v2\/users\/1"}],"replies":[{"embeddable":true,"href":"https:\/\/kirschfest-rastenberg.de\/index.php?rest_route=%2Fwp%2Fv2%2Fcomments&post=3575"}],"version-history":[{"count":99,"href":"https:\/\/kirschfest-rastenberg.de\/index.php?rest_route=\/wp\/v2\/pages\/3575\/revisions"}],"predecessor-version":[{"id":7695,"href":"https:\/\/kirschfest-rastenberg.de\/index.php?rest_route=\/wp\/v2\/pages\/3575\/revisions\/7695"}],"wp:attachment":[{"href":"https:\/\/kirschfest-rastenberg.de\/index.php?rest_route=%2Fwp%2Fv2%2Fmedia&parent=3575"}],"curies":[{"name":"wp","href":"https:\/\/api.w.org\/{rel}","templated":true}]}}